{"id":11303,"date":"2019-06-26T09:12:15","date_gmt":"2019-06-26T09:12:15","guid":{"rendered":"https:\/\/enginir-demo.pbminfotech.com\/datasite\/?page_id=11303"},"modified":"2019-06-26T09:12:15","modified_gmt":"2019-06-26T09:12:15","slug":"test","status":"publish","type":"page","link":"http:\/\/www.taylanazaksurucukursu.com.tr\/index.php\/test\/","title":{"rendered":"test"},"content":{"rendered":"<div class=\"wpb-content-wrapper\"><p>[vc_row cspt-bg-color=&#8221;&quot;light&quot;&#8221; full_width=&#8221;&quot;stretch_row&quot;&#8221; css=&#8221;&quot;.vc_custom_1553690002320{padding-bottom:&#8221;][vc_column]<div  class=\"creativesplanet-element creativesplanet-element-service cspt-element-service-style-1 creativesplanet-element-viewtype-row-column creativesplanet-gap-&quot;&quot; cspt-sortable-no\" data-show=\"3\" data-columns=\"3\" data-loop=\"false\" data-autoplay=\"false\" data-center=\"false\" data-nav=\"false\" data-dots=\"false\" data-autoplayspeed=\"1000\" data-margin=\"&quot;&quot;\"><div class=\"creativesplanet-element-inner\"><div class=\"cspt-ele-header-area\"><\/div><div class=\"cspt-element-posts-wrapper row multi-columns-row\"><div class=\"cspt-ele cspt-service-ele col-md-4 ehliyetler cspt-term-29\"><article class=\"creativesplanet-ele creativesplanet-ele-service cspt-service-style-1\">\r\n\t<div class=\"creativesplanet-post-item\">\t\r\n\t\t<div class=\"cspt-service-icon\">\r\n\t\t      \t\t\t\t<div class=\"cspt-service-icon-wrapper\">\r\n\t\t\t\t\t\t\t\t\t<i class=\"fa fa-motorcycle\"><\/i>\t\t\t\t<\/div>\r\n\t\t\t<\/div>\r\n\t\t<div class=\"cspt-featured-wrapper\"><a href=\"http:\/\/www.taylanazaksurucukursu.com.tr\/index.php\/service\/a1-sinifi-ehliyet\/\"><img loading=\"lazy\" decoding=\"async\" width=\"770\" height=\"500\" src=\"http:\/\/www.taylanazaksurucukursu.com.tr\/wp-content\/uploads\/2018\/12\/IMG-20250708-WA0009-770x500.jpg\" class=\"attachment-cspt-img-770x500 size-cspt-img-770x500 wp-post-image\" alt=\"\" data-id=\"11533\" \/><\/a><\/div>\t\r\n\t\t<div class=\"creativesplanet-box-content\">\t\t\t\r\n\t\t\t<div class=\"creativesplanet-box-content-inner\">\r\n\t\t\t\t<h3 class=\"cspt-service-title\"><a href=\"http:\/\/www.taylanazaksurucukursu.com.tr\/index.php\/service\/a1-sinifi-ehliyet\/\">A1 S\u0131n\u0131f\u0131 Ehliyet<\/a><\/h3> \r\n\t\t\t\t\t\t\t\t<div class=\"cspt-service-content\"><p>Genellikle motosiklet kullan\u0131m\u0131na ba\u015flang\u0131\u00e7 yapmak isteyenler i\u00e7in ideal bir s\u0131n\u0131ft\u0131r.<\/p>\n<\/div>\r\n\t\t\t\t\t\t\t\t<div class=\"cspt-service-btn\">\r\n\t\t\t\t\t<div class=\"vc_btn3-container vc_btn3-inline\">\r\n\t\t\t\t\t\t<a class=\"vc_general vc_btn3 vc_btn3-size-md vc_btn3-shape-rounded vc_btn3-style-modern vc_btn3-icon-right vc_btn3-color-globalcolor\" href=\"http:\/\/www.taylanazaksurucukursu.com.tr\/index.php\/service\/a1-sinifi-ehliyet\/\">&quot;Read<\/a>\r\n\t\t\t\t\t<\/div>\r\n\t\t\t\t<\/div>\r\n\t\t\t<\/div>\r\n\t\t<\/div>\r\n\t<\/div>\r\n<\/article><\/div><div class=\"cspt-ele cspt-service-ele col-md-4 ehliyetler cspt-term-29\"><article class=\"creativesplanet-ele creativesplanet-ele-service cspt-service-style-1\">\r\n\t<div class=\"creativesplanet-post-item\">\t\r\n\t\t<div class=\"cspt-service-icon\">\r\n\t\t      \t\t\t\t<div class=\"cspt-service-icon-wrapper\">\r\n\t\t\t\t\t\t\t\t\t<i class=\"fa fa-motorcycle\"><\/i>\t\t\t\t<\/div>\r\n\t\t\t<\/div>\r\n\t\t<div class=\"cspt-featured-wrapper\"><a href=\"http:\/\/www.taylanazaksurucukursu.com.tr\/index.php\/service\/a2-sinifi-ehliyet\/\"><img loading=\"lazy\" decoding=\"async\" width=\"770\" height=\"500\" src=\"http:\/\/www.taylanazaksurucukursu.com.tr\/wp-content\/uploads\/2018\/12\/IMG-20250708-WA0007-770x500.jpg\" class=\"attachment-cspt-img-770x500 size-cspt-img-770x500 wp-post-image\" alt=\"\" data-id=\"11548\" \/><\/a><\/div>\t\r\n\t\t<div class=\"creativesplanet-box-content\">\t\t\t\r\n\t\t\t<div class=\"creativesplanet-box-content-inner\">\r\n\t\t\t\t<h3 class=\"cspt-service-title\"><a href=\"http:\/\/www.taylanazaksurucukursu.com.tr\/index.php\/service\/a2-sinifi-ehliyet\/\">A2 S\u0131n\u0131f\u0131 Ehliyet<\/a><\/h3> \r\n\t\t\t\t\t\t\t\t<div class=\"cspt-service-content\"><p>A2 s\u0131n\u0131f\u0131 s\u00fcr\u00fcc\u00fc belgesi, orta seviyedeki motosikletleri kullanmak isteyen s\u00fcr\u00fcc\u00fclere verilen ehliyet t\u00fcr\u00fcd\u00fcr.<\/p>\n<\/div>\r\n\t\t\t\t\t\t\t\t<div class=\"cspt-service-btn\">\r\n\t\t\t\t\t<div class=\"vc_btn3-container vc_btn3-inline\">\r\n\t\t\t\t\t\t<a class=\"vc_general vc_btn3 vc_btn3-size-md vc_btn3-shape-rounded vc_btn3-style-modern vc_btn3-icon-right vc_btn3-color-globalcolor\" href=\"http:\/\/www.taylanazaksurucukursu.com.tr\/index.php\/service\/a2-sinifi-ehliyet\/\">&quot;Read<\/a>\r\n\t\t\t\t\t<\/div>\r\n\t\t\t\t<\/div>\r\n\t\t\t<\/div>\r\n\t\t<\/div>\r\n\t<\/div>\r\n<\/article><\/div><div class=\"cspt-ele cspt-service-ele col-md-4 ehliyetler cspt-term-29\"><article class=\"creativesplanet-ele creativesplanet-ele-service cspt-service-style-1\">\r\n\t<div class=\"creativesplanet-post-item\">\t\r\n\t\t<div class=\"cspt-service-icon\">\r\n\t\t      \t\t\t\t<div class=\"cspt-service-icon-wrapper\">\r\n\t\t\t\t\t\t\t\t\t<i class=\"fa fa-car\"><\/i>\t\t\t\t<\/div>\r\n\t\t\t<\/div>\r\n\t\t<div class=\"cspt-featured-wrapper\"><a href=\"http:\/\/www.taylanazaksurucukursu.com.tr\/index.php\/service\/b-sinifi-ehliyet\/\"><img loading=\"lazy\" decoding=\"async\" width=\"770\" height=\"500\" src=\"http:\/\/www.taylanazaksurucukursu.com.tr\/wp-content\/uploads\/2018\/10\/IMG-20250708-WA0015-770x500.jpg\" class=\"attachment-cspt-img-770x500 size-cspt-img-770x500 wp-post-image\" alt=\"\" data-id=\"11570\" \/><\/a><\/div>\t\r\n\t\t<div class=\"creativesplanet-box-content\">\t\t\t\r\n\t\t\t<div class=\"creativesplanet-box-content-inner\">\r\n\t\t\t\t<h3 class=\"cspt-service-title\"><a href=\"http:\/\/www.taylanazaksurucukursu.com.tr\/index.php\/service\/b-sinifi-ehliyet\/\">B S\u0131n\u0131f\u0131 Ehliyet<\/a><\/h3> \r\n\t\t\t\t\t\t\t\t<div class=\"cspt-service-content\"><p>B s\u0131n\u0131f\u0131 ehliyet, T\u00fcrkiye&#8217;de en yayg\u0131n olarak al\u0131nan s\u00fcr\u00fcc\u00fc belgesidir.<\/p>\n<\/div>\r\n\t\t\t\t\t\t\t\t<div class=\"cspt-service-btn\">\r\n\t\t\t\t\t<div class=\"vc_btn3-container vc_btn3-inline\">\r\n\t\t\t\t\t\t<a class=\"vc_general vc_btn3 vc_btn3-size-md vc_btn3-shape-rounded vc_btn3-style-modern vc_btn3-icon-right vc_btn3-color-globalcolor\" href=\"http:\/\/www.taylanazaksurucukursu.com.tr\/index.php\/service\/b-sinifi-ehliyet\/\">&quot;Read<\/a>\r\n\t\t\t\t\t<\/div>\r\n\t\t\t\t<\/div>\r\n\t\t\t<\/div>\r\n\t\t<\/div>\r\n\t<\/div>\r\n<\/article><\/div><\/div><\/div><!-- .creativesplanet-element-inner -->   <\/div><!-- .creativesplanet-element -->  [\/vc_column][\/vc_row][vc_row cspt-bg-color=&#8221;&quot;light&quot;&#8221; full_width=&#8221;&quot;stretch_row&quot;&#8221;][vc_column]<div  class=\"creativesplanet-element creativesplanet-element-blog cspt-element-blog-style-1 creativesplanet-element-viewtype-row-column creativesplanet-gap-&quot;&quot; cspt-sortable-no\" data-show=\"3\" data-columns=\"3\" data-loop=\"false\" data-autoplay=\"false\" data-center=\"false\" data-nav=\"false\" data-dots=\"false\" data-autoplayspeed=\"1000\" data-margin=\"&quot;&quot;\"><div class=\"creativesplanet-element-inner\"><div class=\"cspt-ele-header-area\"><\/div><div class=\"cspt-element-posts-wrapper row multi-columns-row\"><div class=\"cspt-ele cspt-blog-ele col-md-4 duyuru cspt-term-3 ehliyet cspt-term-5 surucu-kursu cspt-term-2\"><article class=\"creativesplanet-ele creativesplanet-ele-blog cspt-blogbox-style-1 post-1548 post type-post status-publish format-standard has-post-thumbnail hentry category-duyuru category-ehliyet category-surucu-kursu tag-33 tag-alinir tag-belgeler tag-ehliyet tag-gerekli tag-nasil tag-yeni\">\r\n\t<div class=\"post-item\">\r\n\t\t<div class=\"cspt-featured-container\">\r\n\t\t\t<div class=\"cspt-featured-wrapper\"><a href=\"http:\/\/www.taylanazaksurucukursu.com.tr\/index.php\/2025\/08\/02\/eski-surucu-belgesi-yenileme-randevusu-nasil-alinir\/\"><img loading=\"lazy\" decoding=\"async\" width=\"750\" height=\"422\" src=\"http:\/\/www.taylanazaksurucukursu.com.tr\/wp-content\/uploads\/2019\/01\/6884ac820927aa718fcc0b28.jpg\" class=\"attachment-cspt-img-770x500 size-cspt-img-770x500 wp-post-image\" alt=\"\" srcset=\"http:\/\/www.taylanazaksurucukursu.com.tr\/wp-content\/uploads\/2019\/01\/6884ac820927aa718fcc0b28.jpg 750w, http:\/\/www.taylanazaksurucukursu.com.tr\/wp-content\/uploads\/2019\/01\/6884ac820927aa718fcc0b28-300x169.jpg 300w\" sizes=\"auto, (max-width: 750px) 100vw, 750px\" data-id=\"11714\" \/><\/a><\/div>\t\t\t<div class=\"cspt-meta-link\">\r\n\t\t\t\t\t<a href=\"http:\/\/www.taylanazaksurucukursu.com.tr\/index.php\/2025\/08\/02\/eski-surucu-belgesi-yenileme-randevusu-nasil-alinir\/\"><i class=\"cspt-base-icon-link\"><\/i><\/a>\r\n\t\t\t\t<\/div>\r\n\t\t\t<div class=\"cspt-meta-category\"><a href=\"http:\/\/www.taylanazaksurucukursu.com.tr\/index.php\/category\/duyuru\/\" rel=\"category tag\">Duyuru<\/a>, <a href=\"http:\/\/www.taylanazaksurucukursu.com.tr\/index.php\/category\/ehliyet\/\" rel=\"category tag\">Ehliyet<\/a>, <a href=\"http:\/\/www.taylanazaksurucukursu.com.tr\/index.php\/category\/surucu-kursu\/\" rel=\"category tag\">S\u00fcr\u00fcc\u00fc Kursu<\/a><\/div>\t\t\t\r\n\t\t<\/div>\r\n\t\t<div class=\"creativesplanet-box-content\">\t\r\n\t\t\t<div class=\"cspt-meta-container\">\r\n\t\t\t\t<div class=\"cspt-meta-date-wrapper cspt-meta-line\">\t\t\t\t\t\r\n\t\t\t\t\t<div class=\"cspt-meta-date\"><i class=\"cspt-base-icon-calendar-1\"><\/i> 02 A\u011fu, 2025<\/div>\r\n\t\t\t\t<\/div>\r\n\t\t\t\t<div class=\"cspt-meta-date-wrapper cspt-meta-line\">\t\r\n\t\t\t\t\t<i class=\"cspt-base-icon-comment-empty\"><\/i> <span class=\"cspt-meta cspt-meta-comments\">0<\/span> Comment\r\n\t\t\t\t<\/div>\r\n\t\t\t\t\t\t\t\t\r\n\t\t\t\t\t\t\t<\/div>\r\n\t\t\t<h3 class=\"cspt-post-title\"><a href=\"http:\/\/www.taylanazaksurucukursu.com.tr\/index.php\/2025\/08\/02\/eski-surucu-belgesi-yenileme-randevusu-nasil-alinir\/\">Eski S\u00fcr\u00fcc\u00fc Belgesi Yenileme Randevusu Nas\u0131l Al\u0131n\u0131r?<\/a><\/h3>\r\n\t\t<\/div>\r\n\t<\/div>\r\n<\/article><\/div><div class=\"cspt-ele cspt-blog-ele col-md-4 ehliyet cspt-term-5 src-belgesi cspt-term-6\"><article class=\"creativesplanet-ele creativesplanet-ele-blog cspt-blogbox-style-1 post-52 post type-post status-publish format-standard has-post-thumbnail hentry category-ehliyet category-src-belgesi tag-ware-house\">\r\n\t<div class=\"post-item\">\r\n\t\t<div class=\"cspt-featured-container\">\r\n\t\t\t<div class=\"cspt-featured-wrapper\"><a href=\"http:\/\/www.taylanazaksurucukursu.com.tr\/index.php\/2025\/08\/01\/eski-tip-ehliyet-icin-son-sanssure-31-ekime-uzatildi\/\"><img loading=\"lazy\" decoding=\"async\" width=\"750\" height=\"422\" src=\"http:\/\/www.taylanazaksurucukursu.com.tr\/wp-content\/uploads\/2019\/01\/6884ac580927aa718fcc0b1c1.jpg\" class=\"attachment-cspt-img-770x500 size-cspt-img-770x500 wp-post-image\" alt=\"\" srcset=\"http:\/\/www.taylanazaksurucukursu.com.tr\/wp-content\/uploads\/2019\/01\/6884ac580927aa718fcc0b1c1.jpg 750w, http:\/\/www.taylanazaksurucukursu.com.tr\/wp-content\/uploads\/2019\/01\/6884ac580927aa718fcc0b1c1-300x169.jpg 300w\" sizes=\"auto, (max-width: 750px) 100vw, 750px\" data-id=\"11705\" \/><\/a><\/div>\t\t\t<div class=\"cspt-meta-link\">\r\n\t\t\t\t\t<a href=\"http:\/\/www.taylanazaksurucukursu.com.tr\/index.php\/2025\/08\/01\/eski-tip-ehliyet-icin-son-sanssure-31-ekime-uzatildi\/\"><i class=\"cspt-base-icon-link\"><\/i><\/a>\r\n\t\t\t\t<\/div>\r\n\t\t\t<div class=\"cspt-meta-category\"><a href=\"http:\/\/www.taylanazaksurucukursu.com.tr\/index.php\/category\/ehliyet\/\" rel=\"category tag\">Ehliyet<\/a>, <a href=\"http:\/\/www.taylanazaksurucukursu.com.tr\/index.php\/category\/src-belgesi\/\" rel=\"category tag\">SRC Belgesi<\/a><\/div>\t\t\t\r\n\t\t<\/div>\r\n\t\t<div class=\"creativesplanet-box-content\">\t\r\n\t\t\t<div class=\"cspt-meta-container\">\r\n\t\t\t\t<div class=\"cspt-meta-date-wrapper cspt-meta-line\">\t\t\t\t\t\r\n\t\t\t\t\t<div class=\"cspt-meta-date\"><i class=\"cspt-base-icon-calendar-1\"><\/i> 01 A\u011fu, 2025<\/div>\r\n\t\t\t\t<\/div>\r\n\t\t\t\t<div class=\"cspt-meta-date-wrapper cspt-meta-line\">\t\r\n\t\t\t\t\t<i class=\"cspt-base-icon-comment-empty\"><\/i> <span class=\"cspt-meta cspt-meta-comments\">0<\/span> Comment\r\n\t\t\t\t<\/div>\r\n\t\t\t\t\t\t\t\t\r\n\t\t\t\t\t\t\t<\/div>\r\n\t\t\t<h3 class=\"cspt-post-title\"><a href=\"http:\/\/www.taylanazaksurucukursu.com.tr\/index.php\/2025\/08\/01\/eski-tip-ehliyet-icin-son-sanssure-31-ekime-uzatildi\/\">Eski Tip Ehliyet \u0130\u00e7in Son \u015eans:S\u00fcre 31 Ekim\u2019e Uzat\u0131ld\u0131<\/a><\/h3>\r\n\t\t<\/div>\r\n\t<\/div>\r\n<\/article><\/div><div class=\"cspt-ele cspt-blog-ele col-md-4 duyuru cspt-term-3 ehliyet cspt-term-5\"><article class=\"creativesplanet-ele creativesplanet-ele-blog cspt-blogbox-style-1 post-8699 post type-post status-publish format-standard has-post-thumbnail hentry category-duyuru category-ehliyet tag-33 tag-ehliyet tag-ekim tag-eski-ehliyet\">\r\n\t<div class=\"post-item\">\r\n\t\t<div class=\"cspt-featured-container\">\r\n\t\t\t<div class=\"cspt-featured-wrapper\"><a href=\"http:\/\/www.taylanazaksurucukursu.com.tr\/index.php\/2025\/07\/30\/ehliyet-yenileme-son-gun-ne-zaman-uzatildi-mi\/\"><img loading=\"lazy\" decoding=\"async\" width=\"750\" height=\"422\" src=\"http:\/\/www.taylanazaksurucukursu.com.tr\/wp-content\/uploads\/2019\/01\/6884ac580927aa718fcc0b1c.jpg\" class=\"attachment-cspt-img-770x500 size-cspt-img-770x500 wp-post-image\" alt=\"\" srcset=\"http:\/\/www.taylanazaksurucukursu.com.tr\/wp-content\/uploads\/2019\/01\/6884ac580927aa718fcc0b1c.jpg 750w, http:\/\/www.taylanazaksurucukursu.com.tr\/wp-content\/uploads\/2019\/01\/6884ac580927aa718fcc0b1c-300x169.jpg 300w\" sizes=\"auto, (max-width: 750px) 100vw, 750px\" data-id=\"11702\" \/><\/a><\/div>\t\t\t<div class=\"cspt-meta-link\">\r\n\t\t\t\t\t<a href=\"http:\/\/www.taylanazaksurucukursu.com.tr\/index.php\/2025\/07\/30\/ehliyet-yenileme-son-gun-ne-zaman-uzatildi-mi\/\"><i class=\"cspt-base-icon-link\"><\/i><\/a>\r\n\t\t\t\t<\/div>\r\n\t\t\t<div class=\"cspt-meta-category\"><a href=\"http:\/\/www.taylanazaksurucukursu.com.tr\/index.php\/category\/duyuru\/\" rel=\"category tag\">Duyuru<\/a>, <a href=\"http:\/\/www.taylanazaksurucukursu.com.tr\/index.php\/category\/ehliyet\/\" rel=\"category tag\">Ehliyet<\/a><\/div>\t\t\t\r\n\t\t<\/div>\r\n\t\t<div class=\"creativesplanet-box-content\">\t\r\n\t\t\t<div class=\"cspt-meta-container\">\r\n\t\t\t\t<div class=\"cspt-meta-date-wrapper cspt-meta-line\">\t\t\t\t\t\r\n\t\t\t\t\t<div class=\"cspt-meta-date\"><i class=\"cspt-base-icon-calendar-1\"><\/i> 30 Tem, 2025<\/div>\r\n\t\t\t\t<\/div>\r\n\t\t\t\t<div class=\"cspt-meta-date-wrapper cspt-meta-line\">\t\r\n\t\t\t\t\t<i class=\"cspt-base-icon-comment-empty\"><\/i> <span class=\"cspt-meta cspt-meta-comments\">0<\/span> Comment\r\n\t\t\t\t<\/div>\r\n\t\t\t\t\t\t\t\t\r\n\t\t\t\t\t\t\t<\/div>\r\n\t\t\t<h3 class=\"cspt-post-title\"><a href=\"http:\/\/www.taylanazaksurucukursu.com.tr\/index.php\/2025\/07\/30\/ehliyet-yenileme-son-gun-ne-zaman-uzatildi-mi\/\">Ehliyet yenileme son g\u00fcn ne zaman, uzat\u0131ld\u0131 m\u0131?<\/a><\/h3>\r\n\t\t<\/div>\r\n\t<\/div>\r\n<\/article><\/div><\/div><\/div><!-- .creativesplanet-element-inner -->   <\/div><!-- .creativesplanet-element -->  [\/vc_column][\/vc_row]<\/p>\n<\/div>","protected":false},"excerpt":{"rendered":"<p>[vc_row cspt-bg-color=&#8221;&quot;light&quot;&#8221; full_width=&#8221;&quot;stretch_row&quot;&#8221; css=&#8221;&quot;.vc_custom_1553690002320{padding-bottom:&#8221;][vc_column][\/vc_column][\/vc_row][vc_row cspt-bg-color=&#8221;&quot;light&quot;&#8221; full_width=&#8221;&quot;stretch_row&quot;&#8221;][vc_column][\/vc_column][\/vc_row]<\/p>\n","protected":false},"author":1,"featured_media":0,"parent":0,"menu_order":0,"comment_status":"closed","ping_status":"closed","template":"","meta":{"_acf_changed":false,"footnotes":""},"class_list":["post-11303","page","type-page","status-publish","hentry"],"acf":[],"_links":{"self":[{"href":"http:\/\/www.taylanazaksurucukursu.com.tr\/index.php\/wp-json\/wp\/v2\/pages\/11303","targetHints":{"allow":["GET"]}}],"collection":[{"href":"http:\/\/www.taylanazaksurucukursu.com.tr\/index.php\/wp-json\/wp\/v2\/pages"}],"about":[{"href":"http:\/\/www.taylanazaksurucukursu.com.tr\/index.php\/wp-json\/wp\/v2\/types\/page"}],"author":[{"embeddable":true,"href":"http:\/\/www.taylanazaksurucukursu.com.tr\/index.php\/wp-json\/wp\/v2\/users\/1"}],"replies":[{"embeddable":true,"href":"http:\/\/www.taylanazaksurucukursu.com.tr\/index.php\/wp-json\/wp\/v2\/comments?post=11303"}],"version-history":[{"count":0,"href":"http:\/\/www.taylanazaksurucukursu.com.tr\/index.php\/wp-json\/wp\/v2\/pages\/11303\/revisions"}],"wp:attachment":[{"href":"http:\/\/www.taylanazaksurucukursu.com.tr\/index.php\/wp-json\/wp\/v2\/media?parent=11303"}],"curies":[{"name":"wp","href":"https:\/\/api.w.org\/{rel}","templated":true}]}}