{"id":11669,"date":"2025-07-31T23:10:35","date_gmt":"2025-07-31T20:10:35","guid":{"rendered":"http:\/\/www.taylanazaksurucukursu.com.tr\/?page_id=11669"},"modified":"2025-07-31T23:13:10","modified_gmt":"2025-07-31T20:13:10","slug":"ehliyet-siniflari","status":"publish","type":"page","link":"http:\/\/www.taylanazaksurucukursu.com.tr\/index.php\/ehliyet-siniflari\/","title":{"rendered":"Ehliyet S\u0131n\u0131flar\u0131"},"content":{"rendered":"<div class=\"wpb-content-wrapper\"><p>[vc_row css=&#8221;.vc_custom_1753992722488{padding-top: 50px !important;}&#8221;][vc_column][vc_column_text css=&#8221;&#8221;]<\/p>\n<p data-start=\"0\" data-end=\"152\">T\u00fcrkiye&#8217;de ehliyet (s\u00fcr\u00fcc\u00fc belgesi) s\u0131n\u0131flar\u0131, kullan\u0131lacak arac\u0131n t\u00fcr\u00fcne g\u00f6re belirlenmi\u015ftir. 2024 itibar\u0131yla ge\u00e7erli olan ehliyet s\u0131n\u0131flar\u0131 \u015funlard\u0131r:<\/p>\n<hr data-start=\"154\" data-end=\"157\" \/>\n<h3 data-start=\"159\" data-end=\"178\">\ud83d\ude97 <strong data-start=\"166\" data-end=\"178\">B S\u0131n\u0131f\u0131<\/strong><\/h3>\n<ul data-start=\"179\" data-end=\"317\">\n<li data-start=\"179\" data-end=\"213\">\n<p data-start=\"181\" data-end=\"213\"><strong data-start=\"181\" data-end=\"192\">Kapsam:<\/strong> Otomobil ve kamyonet<\/p>\n<\/li>\n<li data-start=\"214\" data-end=\"234\">\n<p data-start=\"216\" data-end=\"234\"><strong data-start=\"216\" data-end=\"231\">Ya\u015f S\u0131n\u0131r\u0131:<\/strong> 18<\/p>\n<\/li>\n<li data-start=\"235\" data-end=\"266\">\n<p data-start=\"237\" data-end=\"266\"><strong data-start=\"237\" data-end=\"259\">Ge\u00e7erlilik S\u00fcresi:<\/strong> 10 y\u0131l<\/p>\n<\/li>\n<li data-start=\"267\" data-end=\"317\">\n<p data-start=\"269\" data-end=\"317\"><strong data-start=\"269\" data-end=\"277\">Not:<\/strong> En yayg\u0131n kullan\u0131lan ehliyet s\u0131n\u0131f\u0131d\u0131r.<\/p>\n<\/li>\n<\/ul>\n<hr data-start=\"319\" data-end=\"322\" \/>\n<h3 data-start=\"324\" data-end=\"366\">\ud83d\udef5 <strong data-start=\"331\" data-end=\"351\">A, A1, A2 S\u0131n\u0131f\u0131<\/strong> <em data-start=\"352\" data-end=\"366\">(Motosiklet)<\/em><\/h3>\n<div class=\"_tableContainer_16hzy_1\">\n<div class=\"_tableWrapper_16hzy_14 group flex w-fit flex-col-reverse\" tabindex=\"-1\">\n<table class=\"w-fit min-w-(--thread-content-width)\" data-start=\"368\" data-end=\"899\">\n<thead data-start=\"368\" data-end=\"454\">\n<tr data-start=\"368\" data-end=\"454\">\n<th data-start=\"368\" data-end=\"377\" data-col-size=\"sm\">S\u0131n\u0131f<\/th>\n<th data-start=\"377\" data-end=\"401\" data-col-size=\"sm\">Ara\u00e7 T\u00fcr\u00fc<\/th>\n<th data-start=\"401\" data-end=\"414\" data-col-size=\"sm\">Ya\u015f S\u0131n\u0131r\u0131<\/th>\n<th data-start=\"414\" data-end=\"454\" data-col-size=\"sm\">G\u00fc\u00e7\/Silindir K\u0131s\u0131tlamas\u0131<\/th>\n<\/tr>\n<\/thead>\n<tbody data-start=\"542\" data-end=\"899\">\n<tr data-start=\"542\" data-end=\"630\">\n<td data-start=\"542\" data-end=\"551\" data-col-size=\"sm\">M<\/td>\n<td data-col-size=\"sm\" data-start=\"551\" data-end=\"578\">Motorlu bisiklet (moped)<\/td>\n<td data-col-size=\"sm\" data-start=\"578\" data-end=\"591\">16<\/td>\n<td data-col-size=\"sm\" data-start=\"591\" data-end=\"630\">45 km\/s h\u0131z\u0131 ge\u00e7meyen<\/td>\n<\/tr>\n<tr data-start=\"631\" data-end=\"716\">\n<td data-start=\"631\" data-end=\"640\" data-col-size=\"sm\">A1<\/td>\n<td data-col-size=\"sm\" data-start=\"640\" data-end=\"665\">K\u00fc\u00e7\u00fck motosiklet<\/td>\n<td data-col-size=\"sm\" data-start=\"665\" data-end=\"678\">16<\/td>\n<td data-col-size=\"sm\" data-start=\"678\" data-end=\"716\">En fazla 125 cc ve 11 kW<\/td>\n<\/tr>\n<tr data-start=\"717\" data-end=\"803\">\n<td data-start=\"717\" data-end=\"726\" data-col-size=\"sm\">A2<\/td>\n<td data-col-size=\"sm\" data-start=\"726\" data-end=\"751\">Orta seviye motosiklet<\/td>\n<td data-col-size=\"sm\" data-start=\"751\" data-end=\"764\">18<\/td>\n<td data-col-size=\"sm\" data-start=\"764\" data-end=\"803\">En fazla 35 kW<\/td>\n<\/tr>\n<tr data-start=\"804\" data-end=\"899\">\n<td data-start=\"804\" data-end=\"813\" data-col-size=\"sm\">A<\/td>\n<td data-col-size=\"sm\" data-start=\"813\" data-end=\"838\">T\u00fcm motosikletler<\/td>\n<td data-col-size=\"sm\" data-start=\"838\" data-end=\"870\">20 (2 y\u0131l A2) \/ 24 (do\u011frudan)<\/td>\n<td data-col-size=\"sm\" data-start=\"870\" data-end=\"899\">S\u0131n\u0131rs\u0131z g\u00fc\u00e7te motosiklet<\/td>\n<\/tr>\n<\/tbody>\n<\/table>\n<div class=\"sticky end-(--thread-content-margin) h-0 self-end select-none\">\n<div class=\"absolute end-0 flex items-end\"><\/div>\n<\/div>\n<\/div>\n<\/div>\n<hr data-start=\"901\" data-end=\"904\" \/>\n<h3 data-start=\"906\" data-end=\"946\">\ud83d\ude9b <strong data-start=\"913\" data-end=\"925\">C S\u0131n\u0131f\u0131<\/strong> <em data-start=\"926\" data-end=\"946\">(Kamyon ve \u00e7ekici)<\/em><\/h3>\n<div class=\"_tableContainer_16hzy_1\">\n<div class=\"_tableWrapper_16hzy_14 group flex w-fit flex-col-reverse\" tabindex=\"-1\">\n<table class=\"w-fit min-w-(--thread-content-width)\" data-start=\"948\" data-end=\"1235\">\n<thead data-start=\"948\" data-end=\"995\">\n<tr data-start=\"948\" data-end=\"995\">\n<th data-start=\"948\" data-end=\"957\" data-col-size=\"sm\">S\u0131n\u0131f<\/th>\n<th data-start=\"957\" data-end=\"981\" data-col-size=\"sm\">Ara\u00e7 T\u00fcr\u00fc<\/th>\n<th data-start=\"981\" data-end=\"995\" data-col-size=\"sm\">Ya\u015f S\u0131n\u0131r\u0131<\/th>\n<\/tr>\n<\/thead>\n<tbody data-start=\"1044\" data-end=\"1235\">\n<tr data-start=\"1044\" data-end=\"1091\">\n<td data-start=\"1044\" data-end=\"1053\" data-col-size=\"sm\">C1<\/td>\n<td data-col-size=\"sm\" data-start=\"1053\" data-end=\"1077\">K\u00fc\u00e7\u00fck kamyon<\/td>\n<td data-col-size=\"sm\" data-start=\"1077\" data-end=\"1091\">18<\/td>\n<\/tr>\n<tr data-start=\"1092\" data-end=\"1139\">\n<td data-start=\"1092\" data-end=\"1101\" data-col-size=\"sm\">C1E<\/td>\n<td data-col-size=\"sm\" data-start=\"1101\" data-end=\"1125\">C1 + r\u00f6mork<\/td>\n<td data-col-size=\"sm\" data-start=\"1125\" data-end=\"1139\">18<\/td>\n<\/tr>\n<tr data-start=\"1140\" data-end=\"1187\">\n<td data-start=\"1140\" data-end=\"1149\" data-col-size=\"sm\">C<\/td>\n<td data-col-size=\"sm\" data-start=\"1149\" data-end=\"1173\">Kamyon<\/td>\n<td data-col-size=\"sm\" data-start=\"1173\" data-end=\"1187\">21<\/td>\n<\/tr>\n<tr data-start=\"1188\" data-end=\"1235\">\n<td data-start=\"1188\" data-end=\"1197\" data-col-size=\"sm\">CE<\/td>\n<td data-col-size=\"sm\" data-start=\"1197\" data-end=\"1221\">Kamyon + r\u00f6mork<\/td>\n<td data-col-size=\"sm\" data-start=\"1221\" data-end=\"1235\">21<\/td>\n<\/tr>\n<\/tbody>\n<\/table>\n<div class=\"sticky end-(--thread-content-margin) h-0 self-end select-none\">\n<div class=\"absolute end-0 flex items-end\"><\/div>\n<\/div>\n<\/div>\n<\/div>\n<hr data-start=\"1237\" data-end=\"1240\" \/>\n<h3 data-start=\"1242\" data-end=\"1283\">\ud83d\ude8c <strong data-start=\"1249\" data-end=\"1261\">D S\u0131n\u0131f\u0131<\/strong> <em data-start=\"1262\" data-end=\"1283\">(Otob\u00fcs ve minib\u00fcs)<\/em><\/h3>\n<div class=\"_tableContainer_16hzy_1\">\n<div class=\"_tableWrapper_16hzy_14 group flex w-fit flex-col-reverse\" tabindex=\"-1\">\n<table class=\"w-fit min-w-(--thread-content-width)\" data-start=\"1285\" data-end=\"1540\">\n<thead data-start=\"1285\" data-end=\"1326\">\n<tr data-start=\"1285\" data-end=\"1326\">\n<th data-start=\"1285\" data-end=\"1293\" data-col-size=\"sm\">S\u0131n\u0131f<\/th>\n<th data-start=\"1293\" data-end=\"1312\" data-col-size=\"sm\">Ara\u00e7 T\u00fcr\u00fc<\/th>\n<th data-start=\"1312\" data-end=\"1326\" data-col-size=\"sm\">Ya\u015f S\u0131n\u0131r\u0131<\/th>\n<\/tr>\n<\/thead>\n<tbody data-start=\"1369\" data-end=\"1540\">\n<tr data-start=\"1369\" data-end=\"1411\">\n<td data-start=\"1369\" data-end=\"1377\" data-col-size=\"sm\">D1<\/td>\n<td data-col-size=\"sm\" data-start=\"1377\" data-end=\"1397\">Minib\u00fcs (16 ki\u015fi)<\/td>\n<td data-col-size=\"sm\" data-start=\"1397\" data-end=\"1411\">21<\/td>\n<\/tr>\n<tr data-start=\"1412\" data-end=\"1454\">\n<td data-start=\"1412\" data-end=\"1420\" data-col-size=\"sm\">D1E<\/td>\n<td data-col-size=\"sm\" data-start=\"1420\" data-end=\"1440\">D1 + r\u00f6mork<\/td>\n<td data-col-size=\"sm\" data-start=\"1440\" data-end=\"1454\">21<\/td>\n<\/tr>\n<tr data-start=\"1455\" data-end=\"1497\">\n<td data-start=\"1455\" data-end=\"1463\" data-col-size=\"sm\">D<\/td>\n<td data-col-size=\"sm\" data-start=\"1463\" data-end=\"1483\">Otob\u00fcs (s\u0131n\u0131rs\u0131z)<\/td>\n<td data-col-size=\"sm\" data-start=\"1483\" data-end=\"1497\">24<\/td>\n<\/tr>\n<tr data-start=\"1498\" data-end=\"1540\">\n<td data-start=\"1498\" data-end=\"1506\" data-col-size=\"sm\">DE<\/td>\n<td data-col-size=\"sm\" data-start=\"1506\" data-end=\"1526\">D + r\u00f6mork<\/td>\n<td data-col-size=\"sm\" data-start=\"1526\" data-end=\"1540\">24<\/td>\n<\/tr>\n<\/tbody>\n<\/table>\n<div class=\"sticky end-(--thread-content-margin) h-0 self-end select-none\">\n<div class=\"absolute end-0 flex items-end\"><\/div>\n<\/div>\n<\/div>\n<\/div>\n<hr data-start=\"1542\" data-end=\"1545\" \/>\n<h3 data-start=\"1547\" data-end=\"1571\">\ud83d\ude9c <strong data-start=\"1554\" data-end=\"1571\">F ve G S\u0131n\u0131f\u0131<\/strong><\/h3>\n<div class=\"_tableContainer_16hzy_1\">\n<div class=\"_tableWrapper_16hzy_14 group flex w-fit flex-col-reverse\" tabindex=\"-1\">\n<table class=\"w-fit min-w-(--thread-content-width)\" data-start=\"1573\" data-end=\"1774\">\n<thead data-start=\"1573\" data-end=\"1619\">\n<tr data-start=\"1573\" data-end=\"1619\">\n<th data-start=\"1573\" data-end=\"1581\" data-col-size=\"sm\">S\u0131n\u0131f<\/th>\n<th data-start=\"1581\" data-end=\"1605\" data-col-size=\"sm\">Ara\u00e7 T\u00fcr\u00fc<\/th>\n<th data-start=\"1605\" data-end=\"1619\" data-col-size=\"sm\">Ya\u015f S\u0131n\u0131r\u0131<\/th>\n<\/tr>\n<\/thead>\n<tbody data-start=\"1668\" data-end=\"1774\">\n<tr data-start=\"1668\" data-end=\"1715\">\n<td data-start=\"1668\" data-end=\"1676\" data-col-size=\"sm\">F<\/td>\n<td data-col-size=\"sm\" data-start=\"1676\" data-end=\"1701\">Trakt\u00f6r<\/td>\n<td data-col-size=\"sm\" data-start=\"1701\" data-end=\"1715\">18<\/td>\n<\/tr>\n<tr data-start=\"1716\" data-end=\"1774\">\n<td data-start=\"1716\" data-end=\"1724\" data-col-size=\"sm\">G<\/td>\n<td data-col-size=\"sm\" data-start=\"1724\" data-end=\"1760\">\u0130\u015f makinesi (greyder, kaz\u0131c\u0131 vb.)<\/td>\n<td data-col-size=\"sm\" data-start=\"1760\" data-end=\"1774\">18<\/td>\n<\/tr>\n<\/tbody>\n<\/table>\n<div class=\"sticky end-(--thread-content-margin) h-0 self-end select-none\">\n<div class=\"absolute end-0 flex items-end\"><\/div>\n<\/div>\n<\/div>\n<\/div>\n<hr data-start=\"1776\" data-end=\"1779\" \/>\n<h3 data-start=\"1781\" data-end=\"1799\">\ud83d\udccc Ek Bilgiler<\/h3>\n<ul data-start=\"1801\" data-end=\"2098\">\n<li data-start=\"1801\" data-end=\"1907\">\n<p data-start=\"1803\" data-end=\"1907\">Ehliyet yenileme s\u00fcresi genellikle <strong data-start=\"1838\" data-end=\"1848\">10 y\u0131l<\/strong> (A, B, F, G s\u0131n\u0131flar\u0131), a\u011f\u0131r vas\u0131ta i\u00e7in ise <strong data-start=\"1894\" data-end=\"1903\">5 y\u0131ld\u0131r.<\/strong><\/p>\n<\/li>\n<li data-start=\"1908\" data-end=\"1992\">\n<p data-start=\"1910\" data-end=\"1992\">Her s\u0131n\u0131f\u0131n al\u0131nmas\u0131 i\u00e7in gerekli olan sa\u011fl\u0131k, e\u011fitim ve s\u0131nav \u015fartlar\u0131 farkl\u0131d\u0131r.<\/p>\n<\/li>\n<li data-start=\"1993\" data-end=\"2098\">\n<p data-start=\"1995\" data-end=\"2098\"><strong data-start=\"1995\" data-end=\"2017\">Uluslararas\u0131 s\u00fcr\u00fc\u015f<\/strong> i\u00e7in genellikle B s\u0131n\u0131f\u0131 ehliyet yeterlidir, ancak ara\u00e7 tipine g\u00f6re de\u011fi\u015febilir.<\/p>\n<\/li>\n<\/ul>\n<p>[\/vc_column_text][\/vc_column][\/vc_row]<\/p>\n<\/div>","protected":false},"excerpt":{"rendered":"<p>[vc_row css=&#8221;.vc_custom_1753992722488{padding-top: 50px !important;}&#8221;][vc_column][vc_column_text css=&#8221;&#8221;] T\u00fcrkiye&#8217;de ehliyet (s\u00fcr\u00fcc\u00fc belgesi) s\u0131n\u0131flar\u0131, kullan\u0131lacak arac\u0131n t\u00fcr\u00fcne g\u00f6re belirlenmi\u015ftir. 2024 itibar\u0131yla ge\u00e7erli olan ehliyet s\u0131n\u0131flar\u0131 \u015funlard\u0131r: \ud83d\ude97 B S\u0131n\u0131f\u0131 Kapsam: Otomobil ve kamyonet Ya\u015f S\u0131n\u0131r\u0131: 18 Ge\u00e7erlilik S\u00fcresi: 10 y\u0131l Not: En yayg\u0131n kullan\u0131lan ehliyet s\u0131n\u0131f\u0131d\u0131r. \ud83d\udef5 A, A1, A2 S\u0131n\u0131f\u0131 (Motosiklet) S\u0131n\u0131f Ara\u00e7 T\u00fcr\u00fc Ya\u015f S\u0131n\u0131r\u0131 G\u00fc\u00e7\/Silindir K\u0131s\u0131tlamas\u0131 [&hellip;]<\/p>\n","protected":false},"author":1,"featured_media":0,"parent":0,"menu_order":0,"comment_status":"closed","ping_status":"open","template":"","meta":{"_acf_changed":false,"footnotes":""},"class_list":["post-11669","page","type-page","status-publish","hentry"],"acf":[],"_links":{"self":[{"href":"http:\/\/www.taylanazaksurucukursu.com.tr\/index.php\/wp-json\/wp\/v2\/pages\/11669","targetHints":{"allow":["GET"]}}],"collection":[{"href":"http:\/\/www.taylanazaksurucukursu.com.tr\/index.php\/wp-json\/wp\/v2\/pages"}],"about":[{"href":"http:\/\/www.taylanazaksurucukursu.com.tr\/index.php\/wp-json\/wp\/v2\/types\/page"}],"author":[{"embeddable":true,"href":"http:\/\/www.taylanazaksurucukursu.com.tr\/index.php\/wp-json\/wp\/v2\/users\/1"}],"replies":[{"embeddable":true,"href":"http:\/\/www.taylanazaksurucukursu.com.tr\/index.php\/wp-json\/wp\/v2\/comments?post=11669"}],"version-history":[{"count":4,"href":"http:\/\/www.taylanazaksurucukursu.com.tr\/index.php\/wp-json\/wp\/v2\/pages\/11669\/revisions"}],"predecessor-version":[{"id":11674,"href":"http:\/\/www.taylanazaksurucukursu.com.tr\/index.php\/wp-json\/wp\/v2\/pages\/11669\/revisions\/11674"}],"wp:attachment":[{"href":"http:\/\/www.taylanazaksurucukursu.com.tr\/index.php\/wp-json\/wp\/v2\/media?parent=11669"}],"curies":[{"name":"wp","href":"https:\/\/api.w.org\/{rel}","templated":true}]}}