{"id":8549,"date":"2018-11-30T09:30:56","date_gmt":"2018-11-30T09:30:56","guid":{"rendered":"https:\/\/enginir-demo.pbminfotech.com\/datasite\/?page_id=8549"},"modified":"2018-11-30T09:30:56","modified_gmt":"2018-11-30T09:30:56","slug":"about-us-2","status":"publish","type":"page","link":"http:\/\/www.taylanazaksurucukursu.com.tr\/index.php\/about-us-2\/","title":{"rendered":"About Us 2"},"content":{"rendered":"<div class=\"wpb-content-wrapper\"><p>[vc_row cspt-bg-color=&#8221;white&#8221;][vc_column]<div  class=\"creativesplanet-element creativesplanet-element-static_box cspt-element-static_box-style-2 creativesplanet-element-viewtype-row-column\" data-show=\"3\" data-columns=\"3\" data-loop=\"false\" data-autoplay=\"false\" data-center=\"false\" data-nav=\"false\" data-dots=\"false\" data-autoplayspeed=\"1000\" data-margin=\"\"><div class=\"creativesplanet-element-inner\"><div class=\"cspt-element-posts-wrapper row multi-columns-row\"><div class=\"cspt-ele cspt-staticbox-ele col-md-4 \"><div class=\"cspt-static-box cspt-static-box-style-2\">\r\n\t<img loading=\"lazy\" decoding=\"async\" class=\"cspt_vc_single_image-img \" src=\"http:\/\/www.taylanazaksurucukursu.com.tr\/wp-content\/uploads\/2019\/05\/img-04-600x365.jpg\" width=\"600\" height=\"365\" alt=\"img-04\" title=\"img-04\" \/>\t<div class=\"creativesplanet-box-title\"><h4>Business Partnerships<\/h4><\/div>\t<div class=\"creativesplanet-static-box-desc\">Industrial Timetable Lorem ipsum dolor sit amet, consectetur adipisicing elit, sed do eiusmod tempor incididunt.<\/div><\/div><\/div><div class=\"cspt-ele cspt-staticbox-ele col-md-4 \"><div class=\"cspt-static-box cspt-static-box-style-2\">\r\n\t<img loading=\"lazy\" decoding=\"async\" class=\"cspt_vc_single_image-img \" src=\"http:\/\/www.taylanazaksurucukursu.com.tr\/wp-content\/uploads\/2019\/05\/img-03-600x365.jpg\" width=\"600\" height=\"365\" alt=\"img-03\" title=\"img-03\" \/>\t<div class=\"creativesplanet-box-title\"><h4>Missions &amp; Vision<\/h4><\/div>\t<div class=\"creativesplanet-static-box-desc\">Industrial Timetable Lorem ipsum dolor sit amet, consectetur adipisicing elit, sed do eiusmod tempor incididunt.<\/div><\/div><\/div><div class=\"cspt-ele cspt-staticbox-ele col-md-4 \"><div class=\"cspt-static-box cspt-static-box-style-2\">\r\n\t<img loading=\"lazy\" decoding=\"async\" class=\"cspt_vc_single_image-img \" src=\"http:\/\/www.taylanazaksurucukursu.com.tr\/wp-content\/uploads\/2019\/05\/img-02-600x365.jpg\" width=\"600\" height=\"365\" alt=\"img-02\" title=\"img-02\" \/>\t<div class=\"creativesplanet-box-title\"><h4>Industrial Solutions<\/h4><\/div>\t<div class=\"creativesplanet-static-box-desc\">Industrial Timetable Lorem ipsum dolor sit amet, consectetur adipisicing elit, sed do eiusmod tempor incididunt.<\/div><\/div><\/div><\/div><!-- .row multi-columns-row creativesplanet-boxes-row-wrapper -->  <\/div><!-- .creativesplanet-element-inner -->   <\/div><!-- .creativesplanet-element -->  [\/vc_column][\/vc_row][vc_row cspt-text-color=&#8221;white&#8221; cspt-bg-color=&#8221;blackish&#8221; cspt-zindex=&#8221;1&#8243; full_width=&#8221;stretch_row&#8221; css=&#8221;.vc_custom_1558503995912{margin-top: 50px !important;padding-top: 0px !important;padding-bottom: 0px !important;}&#8221; el_class=&#8221;cspt-overflow-visible&#8221; cspt-responsive-css=&#8221;65391859|colbreak_no|||||||||colbreak_yes|||||||||colbreak_no||||||||||colbreak_no|||||||||&#8221;][vc_column cspt-zindex=&#8221;2&#8243; width=&#8221;1\/2&#8243;][vc_single_image image=&#8221;10970&#8243; img_size=&#8221;565*642&#8243; css=&#8221;.vc_custom_1558010228764{margin-top: -60px !important;}&#8221;][\/vc_column][vc_column width=&#8221;1\/2&#8243; css=&#8221;.vc_custom_1556865866657{padding-top: 100px !important;padding-bottom: 90px !important;padding-left: 55px !important;}&#8221; cspt-responsive-css=&#8221;75812167|colbreak_no|||||||||colbreak_no||||||||15|colbreak_no||||||||||colbreak_no|||||||||&#8221;][vc_column_text]We have a long and proud history givin emphasis to environment social and economic outcomes to deliver places that respond.[\/vc_column_text][vc_progress_bar values=&#8221;%5B%7B%22label%22%3A%22Industrial%22%2C%22value%22%3A%2290%22%7D%2C%7B%22label%22%3A%22%20Construction%22%2C%22value%22%3A%2280%22%7D%2C%7B%22label%22%3A%22Remodeling%22%2C%22value%22%3A%2270%22%7D%5D&#8221; units=&#8221;%&#8221; css=&#8221;.vc_custom_1553922621913{margin-top: 80px !important;}&#8221;][\/vc_column][\/vc_row][vc_row cspt-bg-color=&#8221;white&#8221;][vc_column][vc_row_inner el_class=&#8221;cspt-steps-counter&#8221;][vc_column_inner width=&#8221;1\/3&#8243;][\/vc_column_inner][vc_column_inner width=&#8221;1\/3&#8243; cspt-responsive-css=&#8221;75758661|colbreak_no|||||||||colbreak_no|||||||||colbreak_no|25||25|||||||colbreak_no|||||||||&#8221;][\/vc_column_inner][vc_column_inner width=&#8221;1\/3&#8243;][\/vc_column_inner][\/vc_row_inner][vc_btn title=&#8221;Start To Work&#8221; style=&#8221;outline&#8221; shape=&#8221;square&#8221; align=&#8221;center&#8221; i_align=&#8221;right&#8221; i_icon_fontawesome=&#8221;fa fa-long-arrow-right&#8221; add_icon=&#8221;true&#8221; css=&#8221;.vc_custom_1556256801050{margin-top: 50px !important;}&#8221;][\/vc_column][\/vc_row][vc_row cspt-text-color=&#8221;white&#8221; cspt-bg-color=&#8221;globalcolor&#8221; full_width=&#8221;stretch_row&#8221; css=&#8221;.vc_custom_1556606163196{padding-top: 0px !important;padding-bottom: 0px !important;}&#8221;][vc_column cspt-extended-column=&#8221;left&#8221; css=&#8221;.vc_custom_1556606145343{padding-top: 30px !important;padding-bottom: 30px !important;}&#8221;]<div  class=\"creativesplanet-element creativesplanet-element-testimonial cspt-element-testimonial-style-3 creativesplanet-element-viewtype-carousel cspt-sortable-no cspt-vertical-heading\" data-show=\"3\" data-columns=\"1\" data-loop=\"false\" data-autoplay=\"false\" data-center=\"false\" data-nav=\"false\" data-dots=\"true\" data-autoplayspeed=\"1000\" data-margin=\"\"><div class=\"creativesplanet-element-inner\"><div class=\"cspt-ele-header-area\"><\/div><div class=\"cspt-element-posts-wrapper row multi-columns-row\"><div class=\"cspt-ele cspt-testimonial-ele col-md-12 company cspt-term-14\"><article class=\"creativesplanet-ele creativesplanet-ele-testimonial cspt-testimonial-style-3 cspt-testimonial-active\"><div class=\"creativesplanet-post-item\">\r\n\t <div class=\"creativesplanet-box-img\"><div class=\"cspt-featured-wrapper\"><a href=\"http:\/\/www.taylanazaksurucukursu.com.tr\/index.php\/testimonial\/victori-porter\/\"><img loading=\"lazy\" decoding=\"async\" width=\"150\" height=\"150\" src=\"http:\/\/www.taylanazaksurucukursu.com.tr\/wp-content\/uploads\/2018\/02\/testimonial-img01.jpg\" class=\"attachment-thumbnail size-thumbnail wp-post-image\" alt=\"\" data-id=\"10313\" \/><\/a><\/div><\/div>\t\r\n\t<div class=\"creativesplanet-box-content\">\t\t\r\n\t\t<div class=\"creativesplanet-box-desc\">\r\n\t\t\t<blockquote class=\"creativesplanet-testimonial-text\"><p>\t\t\t\tOur team discussed every single detail to make sure Creatives Planet is the most versatile and unique theme created so far.No coding skills required to create unique sites.\t\t<\/p>\n<\/blockquote>\r\n\t\t<\/div>\r\n\t<\/div>\t\t\r\n\t\t<div class=\"creativesplanet-box-star-ratings\"><i class=\"cspt-base-icon-star cspt-active\"><\/i><i class=\"cspt-base-icon-star cspt-active\"><\/i><i class=\"cspt-base-icon-star cspt-active\"><\/i><i class=\"cspt-base-icon-star cspt-active\"><\/i><i class=\"cspt-base-icon-star\"><\/i><\/div>\t\r\n\t\t<div class=\"creativesplanet-box-author\">\r\n\t\t\t<h3 class=\"creativesplanet-box-title\">Victori Porter<\/h3>\t\t\t\r\n\t\t\t<span class=\"cspt-designation\">CEO of Bata<\/span>\t\t<\/div>\r\n<\/div><\/article><\/div><div class=\"cspt-ele cspt-testimonial-ele col-md-12 general cspt-term-18\"><article class=\"creativesplanet-ele creativesplanet-ele-testimonial cspt-testimonial-style-3\"><div class=\"creativesplanet-post-item\">\r\n\t <div class=\"creativesplanet-box-img\"><div class=\"cspt-featured-wrapper\"><a href=\"http:\/\/www.taylanazaksurucukursu.com.tr\/index.php\/testimonial\/maria-flynn\/\"><img loading=\"lazy\" decoding=\"async\" width=\"150\" height=\"150\" src=\"http:\/\/www.taylanazaksurucukursu.com.tr\/wp-content\/uploads\/2018\/02\/testimonial-img01.jpg\" class=\"attachment-thumbnail size-thumbnail wp-post-image\" alt=\"\" data-id=\"10313\" \/><\/a><\/div><\/div>\t\r\n\t<div class=\"creativesplanet-box-content\">\t\t\r\n\t\t<div class=\"creativesplanet-box-desc\">\r\n\t\t\t<blockquote class=\"creativesplanet-testimonial-text\"><p>\t\t\t\tOur team discussed every single detail to make sure Creatives Planet is the most versatile and unique theme created so far.No coding skills required to create unique sites.\t\t<\/p>\n<\/blockquote>\r\n\t\t<\/div>\r\n\t<\/div>\t\t\r\n\t\t<div class=\"creativesplanet-box-star-ratings\"><i class=\"cspt-base-icon-star cspt-active\"><\/i><i class=\"cspt-base-icon-star cspt-active\"><\/i><i class=\"cspt-base-icon-star cspt-active\"><\/i><i class=\"cspt-base-icon-star cspt-active\"><\/i><i class=\"cspt-base-icon-star cspt-active\"><\/i><\/div>\t\r\n\t\t<div class=\"creativesplanet-box-author\">\r\n\t\t\t<h3 class=\"creativesplanet-box-title\">Maria Flynn<\/h3>\t\t\t\r\n\t\t\t<span class=\"cspt-designation\">CEO of Bata<\/span>\t\t<\/div>\r\n<\/div><\/article><\/div><div class=\"cspt-ele cspt-testimonial-ele col-md-12 company cspt-term-14 general cspt-term-18 others cspt-term-23\"><article class=\"creativesplanet-ele creativesplanet-ele-testimonial cspt-testimonial-style-3\"><div class=\"creativesplanet-post-item\">\r\n\t <div class=\"creativesplanet-box-img\"><div class=\"cspt-featured-wrapper\"><a href=\"http:\/\/www.taylanazaksurucukursu.com.tr\/index.php\/testimonial\/mahfuz-riad\/\"><img loading=\"lazy\" decoding=\"async\" width=\"150\" height=\"150\" src=\"http:\/\/www.taylanazaksurucukursu.com.tr\/wp-content\/uploads\/2018\/02\/testimonial-img01.jpg\" class=\"attachment-thumbnail size-thumbnail wp-post-image\" alt=\"\" data-id=\"10313\" \/><\/a><\/div><\/div>\t\r\n\t<div class=\"creativesplanet-box-content\">\t\t\r\n\t\t<div class=\"creativesplanet-box-desc\">\r\n\t\t\t<blockquote class=\"creativesplanet-testimonial-text\"><p>\t\t\t\tOur team discussed every single detail to make sure Creatives Planet is the most versatile and unique theme created so far.No coding skills required to create unique sites.\t\t<\/p>\n<\/blockquote>\r\n\t\t<\/div>\r\n\t<\/div>\t\t\r\n\t\t<div class=\"creativesplanet-box-star-ratings\"><i class=\"cspt-base-icon-star cspt-active\"><\/i><i class=\"cspt-base-icon-star cspt-active\"><\/i><i class=\"cspt-base-icon-star\"><\/i><i class=\"cspt-base-icon-star\"><\/i><i class=\"cspt-base-icon-star\"><\/i><\/div>\t\r\n\t\t<div class=\"creativesplanet-box-author\">\r\n\t\t\t<h3 class=\"creativesplanet-box-title\">Mahfuz Riad<\/h3>\t\t\t\r\n\t\t\t<span class=\"cspt-designation\">CEO of Bata<\/span>\t\t<\/div>\r\n<\/div><\/article><\/div><\/div><\/div><!-- .creativesplanet-element-inner -->   <\/div><!-- .creativesplanet-element -->  [\/vc_column][\/vc_row][vc_row][vc_column][vc_column_text]<\/p>\n<p>[\/vc_column_text][\/vc_column][\/vc_row][vc_row cspt-bg-color=&#8221;white&#8221; css=&#8221;.vc_custom_1553337379555{padding-bottom: 10px !important;}&#8221;][vc_column]<div  class=\"creativesplanet-element creativesplanet-element-team cspt-element-team-style-2 creativesplanet-element-viewtype-row-column cspt-sortable-no\" data-show=\"4\" data-columns=\"4\" data-loop=\"false\" data-autoplay=\"false\" data-center=\"false\" data-nav=\"false\" data-dots=\"false\" data-autoplayspeed=\"1000\" data-margin=\"\"><div class=\"creativesplanet-element-inner\"><div class=\"cspt-ele-header-area\"><div class=\"cspt-team-ele-heading\"><\/div><\/div><div class=\"cspt-element-posts-wrapper row multi-columns-row\"><div class=\"cspt-ele cspt-team-ele col-md-6 col-lg-3 \"><article class=\"creativesplanet-ele creativesplanet-ele-team cspt-team-style-2\">\r\n\t<div class=\"creativesplanet-post-item\">\r\n\t\t<div class=\"creativesplanet-team-image-box\">\t\t\t\r\n\t\t\t<div class=\"cspt-featured-wrapper\"><a href=\"http:\/\/www.taylanazaksurucukursu.com.tr\/index.php\/team-member\/ali-azak\/\"><img loading=\"lazy\" decoding=\"async\" width=\"500\" height=\"512\" src=\"http:\/\/www.taylanazaksurucukursu.com.tr\/wp-content\/uploads\/2018\/12\/211874_person_icon-500x512.png\" class=\"attachment-cspt-img-500x580 size-cspt-img-500x580 wp-post-image\" alt=\"\" data-id=\"11614\" \/><\/a><\/div>\t\t\t<div class=\"creativesplanet-box-social-links\"><ul class=\"cspt-social-links cspt-team-social-links\"><li class=\"cspt-social-li cspt-social-facebook\"><a href=\"#\" title=\"Facebook\" target=\"_blank\"><span><i class=\"cspt-base-icon-facebook-squared\"><\/i><\/span><\/a><\/li><li class=\"cspt-social-li cspt-social-twitter\"><a href=\"#\" title=\"Twitter\" target=\"_blank\"><span><i class=\"cspt-base-icon-twitter-x\"><\/i><\/span><\/a><\/li><li class=\"cspt-social-li cspt-social-linkedin\"><a href=\"#\" title=\"LinkedIn\" target=\"_blank\"><span><i class=\"cspt-base-icon-linkedin-squared\"><\/i><\/span><\/a><\/li><\/ul><\/div>\t\r\n\t\t<\/div>\r\n\t\t<div class=\"creativesplanet-box-content\">\r\n\t\t\t<div class=\"creativesplanet-box-content-inner\">\t\t\t\t\r\n\t\t\t\t<h3 class=\"cspt-team-title\"><a href=\"http:\/\/www.taylanazaksurucukursu.com.tr\/index.php\/team-member\/ali-azak\/\">Ali AZAK<\/a><\/h3>\r\n\t\t\t\t<div class=\"creativesplanet-box-team-position\">\r\n\t\t\t\t\t\t\t<div class=\"creativesplanet-box-team-position\">Kurum M\u00fcd\u00fcr\u00fc<\/div>\r\n\t\t\t\t\t\t<\/div>\t\r\n\t\t\t<\/div>\t\t\t\t\r\n\t\t<\/div>\t\t\r\n\t<\/div>\r\n<\/article>\r\n <\/div><div class=\"cspt-ele cspt-team-ele col-md-6 col-lg-3 \"><article class=\"creativesplanet-ele creativesplanet-ele-team cspt-team-style-2\">\r\n\t<div class=\"creativesplanet-post-item\">\r\n\t\t<div class=\"creativesplanet-team-image-box\">\t\t\t\r\n\t\t\t<div class=\"cspt-featured-wrapper\"><a href=\"http:\/\/www.taylanazaksurucukursu.com.tr\/index.php\/team-member\/hasan-taylan\/\"><img loading=\"lazy\" decoding=\"async\" width=\"500\" height=\"512\" src=\"http:\/\/www.taylanazaksurucukursu.com.tr\/wp-content\/uploads\/2018\/12\/211874_person_icon-500x512.png\" class=\"attachment-cspt-img-500x580 size-cspt-img-500x580 wp-post-image\" alt=\"\" data-id=\"11614\" \/><\/a><\/div>\t\t\t<div class=\"creativesplanet-box-social-links\"><ul class=\"cspt-social-links cspt-team-social-links\"><li class=\"cspt-social-li cspt-social-facebook\"><a href=\"#\" title=\"Facebook\" target=\"_blank\"><span><i class=\"cspt-base-icon-facebook-squared\"><\/i><\/span><\/a><\/li><li class=\"cspt-social-li cspt-social-twitter\"><a href=\"#\" title=\"Twitter\" target=\"_blank\"><span><i class=\"cspt-base-icon-twitter-x\"><\/i><\/span><\/a><\/li><li class=\"cspt-social-li cspt-social-linkedin\"><a href=\"#\" title=\"LinkedIn\" target=\"_blank\"><span><i class=\"cspt-base-icon-linkedin-squared\"><\/i><\/span><\/a><\/li><\/ul><\/div>\t\r\n\t\t<\/div>\r\n\t\t<div class=\"creativesplanet-box-content\">\r\n\t\t\t<div class=\"creativesplanet-box-content-inner\">\t\t\t\t\r\n\t\t\t\t<h3 class=\"cspt-team-title\"><a href=\"http:\/\/www.taylanazaksurucukursu.com.tr\/index.php\/team-member\/hasan-taylan\/\">Hasan TAYLAN<\/a><\/h3>\r\n\t\t\t\t<div class=\"creativesplanet-box-team-position\">\r\n\t\t\t\t\t\t\t<div class=\"creativesplanet-box-team-position\">Kurucu<\/div>\r\n\t\t\t\t\t\t<\/div>\t\r\n\t\t\t<\/div>\t\t\t\t\r\n\t\t<\/div>\t\t\r\n\t<\/div>\r\n<\/article>\r\n <\/div><\/div><\/div><!-- .creativesplanet-element-inner -->   <\/div><!-- .creativesplanet-element -->  [\/vc_column][\/vc_row][vc_row css=&#8221;.vc_custom_1553337308100{padding-top: 0px !important;}&#8221;][vc_column][vc_separator][\/vc_column][\/vc_row][vc_row css=&#8221;.vc_custom_1553938688697{padding-top: 10px !important;padding-bottom: 30px !important;}&#8221;][vc_column]<div  class=\"creativesplanet-element creativesplanet-element-cspt-client cspt-element-cspt-client-style-1 creativesplanet-element-viewtype-row-column cspt-sortable-no\" data-show=\"5\" data-columns=\"5\" data-loop=\"false\" data-autoplay=\"false\" data-center=\"false\" data-nav=\"false\" data-dots=\"false\" data-autoplayspeed=\"1000\" data-margin=\"\"><div class=\"creativesplanet-element-inner\"><div class=\"cspt-ele-header-area\"><\/div><div class=\"cspt-element-posts-wrapper row multi-columns-row\"><div class=\"cspt-ele cspt-client-ele col-md-20percent \"><article class=\"creativesplanet-ele creativesplanet-ele-client cspt-client-style-1\"><div class=\"cspt-client-wrapper\">\r\n\t<h4 class=\"cspt-hide\">Client 6<\/h4>\r\n\t\t<div class=\"cspt-featured-wrapper\"><a href=\"http:\/\/www.taylanazaksurucukursu.com.tr\/index.php\/client\/client-6\/\"><img loading=\"lazy\" decoding=\"async\" width=\"200\" height=\"80\" src=\"http:\/\/www.taylanazaksurucukursu.com.tr\/wp-content\/uploads\/2018\/11\/client-2.png\" class=\"attachment-cspt-img-770x9999 size-cspt-img-770x9999 wp-post-image\" alt=\"\" data-id=\"10262\" \/><\/a><\/div>\t\t<\/div><\/article><\/div><div class=\"cspt-ele cspt-client-ele col-md-20percent \"><article class=\"creativesplanet-ele creativesplanet-ele-client cspt-client-style-1\"><div class=\"cspt-client-wrapper\">\r\n\t<h4 class=\"cspt-hide\">Client 1<\/h4>\r\n\t\t<div class=\"cspt-featured-wrapper\"><a href=\"http:\/\/www.taylanazaksurucukursu.com.tr\/index.php\/client\/client-1\/\"><img loading=\"lazy\" decoding=\"async\" width=\"200\" height=\"80\" src=\"http:\/\/www.taylanazaksurucukursu.com.tr\/wp-content\/uploads\/2018\/11\/client-2.png\" class=\"attachment-cspt-img-770x9999 size-cspt-img-770x9999 wp-post-image\" alt=\"\" data-id=\"10262\" \/><\/a><\/div>\t\t<\/div><\/article><\/div><div class=\"cspt-ele cspt-client-ele col-md-20percent \"><article class=\"creativesplanet-ele creativesplanet-ele-client cspt-client-style-1\"><div class=\"cspt-client-wrapper\">\r\n\t<h4 class=\"cspt-hide\">Client 2<\/h4>\r\n\t\t<div class=\"cspt-featured-wrapper\"><a href=\"http:\/\/www.taylanazaksurucukursu.com.tr\/index.php\/client\/client-2\/\"><img loading=\"lazy\" decoding=\"async\" width=\"200\" height=\"80\" src=\"http:\/\/www.taylanazaksurucukursu.com.tr\/wp-content\/uploads\/2018\/11\/client-2.png\" class=\"attachment-cspt-img-770x9999 size-cspt-img-770x9999 wp-post-image\" alt=\"\" data-id=\"10262\" \/><\/a><\/div>\t\t<\/div><\/article><\/div><div class=\"cspt-ele cspt-client-ele col-md-20percent \"><article class=\"creativesplanet-ele creativesplanet-ele-client cspt-client-style-1\"><div class=\"cspt-client-wrapper\">\r\n\t<h4 class=\"cspt-hide\">Client 3<\/h4>\r\n\t\t<div class=\"cspt-featured-wrapper\"><a href=\"http:\/\/www.taylanazaksurucukursu.com.tr\/index.php\/client\/client-3\/\"><img loading=\"lazy\" decoding=\"async\" width=\"200\" height=\"80\" src=\"http:\/\/www.taylanazaksurucukursu.com.tr\/wp-content\/uploads\/2018\/11\/client-2.png\" class=\"attachment-cspt-img-770x9999 size-cspt-img-770x9999 wp-post-image\" alt=\"\" data-id=\"10262\" \/><\/a><\/div>\t\t<\/div><\/article><\/div><div class=\"cspt-ele cspt-client-ele col-md-20percent \"><article class=\"creativesplanet-ele creativesplanet-ele-client cspt-client-style-1\"><div class=\"cspt-client-wrapper\">\r\n\t<h4 class=\"cspt-hide\">Client 4<\/h4>\r\n\t\t<div class=\"cspt-featured-wrapper\"><a href=\"http:\/\/www.taylanazaksurucukursu.com.tr\/index.php\/client\/client-4\/\"><img loading=\"lazy\" decoding=\"async\" width=\"200\" height=\"80\" src=\"http:\/\/www.taylanazaksurucukursu.com.tr\/wp-content\/uploads\/2018\/11\/client-2.png\" class=\"attachment-cspt-img-770x9999 size-cspt-img-770x9999 wp-post-image\" alt=\"\" data-id=\"10262\" \/><\/a><\/div>\t\t<\/div><\/article><\/div><\/div><\/div><!-- .creativesplanet-element-inner -->   <\/div><!-- .creativesplanet-element -->  [\/vc_column][\/vc_row]<\/p>\n<\/div>","protected":false},"excerpt":{"rendered":"<p>[vc_row cspt-bg-color=&#8221;white&#8221;][vc_column][\/vc_column][\/vc_row][vc_row cspt-text-color=&#8221;white&#8221; cspt-bg-color=&#8221;blackish&#8221; cspt-zindex=&#8221;1&#8243; full_width=&#8221;stretch_row&#8221; css=&#8221;.vc_custom_1558503995912{margin-top: 50px !important;padding-top: 0px !important;padding-bottom: 0px !important;}&#8221; el_class=&#8221;cspt-overflow-visible&#8221; cspt-responsive-css=&#8221;65391859|colbreak_no|||||||||colbreak_yes|||||||||colbreak_no||||||||||colbreak_no|||||||||&#8221;][vc_column cspt-zindex=&#8221;2&#8243; width=&#8221;1\/2&#8243;][vc_single_image image=&#8221;10970&#8243; img_size=&#8221;565*642&#8243; css=&#8221;.vc_custom_1558010228764{margin-top: -60px !important;}&#8221;][\/vc_column][vc_column width=&#8221;1\/2&#8243; css=&#8221;.vc_custom_1556865866657{padding-top: 100px !important;padding-bottom: 90px !important;padding-left: 55px !important;}&#8221; cspt-responsive-css=&#8221;75812167|colbreak_no|||||||||colbreak_no||||||||15|colbreak_no||||||||||colbreak_no|||||||||&#8221;][vc_column_text]We have a long and proud history givin emphasis to environment social and economic outcomes to deliver places that respond.[\/vc_column_text][vc_progress_bar values=&#8221;%5B%7B%22label%22%3A%22Industrial%22%2C%22value%22%3A%2290%22%7D%2C%7B%22label%22%3A%22%20Construction%22%2C%22value%22%3A%2280%22%7D%2C%7B%22label%22%3A%22Remodeling%22%2C%22value%22%3A%2270%22%7D%5D&#8221; units=&#8221;%&#8221; css=&#8221;.vc_custom_1553922621913{margin-top: 80px !important;}&#8221;][\/vc_column][\/vc_row][vc_row [&hellip;]<\/p>\n","protected":false},"author":1,"featured_media":0,"parent":0,"menu_order":8,"comment_status":"closed","ping_status":"closed","template":"","meta":{"_acf_changed":false,"footnotes":""},"class_list":["post-8549","page","type-page","status-publish","hentry"],"acf":[],"_links":{"self":[{"href":"http:\/\/www.taylanazaksurucukursu.com.tr\/index.php\/wp-json\/wp\/v2\/pages\/8549","targetHints":{"allow":["GET"]}}],"collection":[{"href":"http:\/\/www.taylanazaksurucukursu.com.tr\/index.php\/wp-json\/wp\/v2\/pages"}],"about":[{"href":"http:\/\/www.taylanazaksurucukursu.com.tr\/index.php\/wp-json\/wp\/v2\/types\/page"}],"author":[{"embeddable":true,"href":"http:\/\/www.taylanazaksurucukursu.com.tr\/index.php\/wp-json\/wp\/v2\/users\/1"}],"replies":[{"embeddable":true,"href":"http:\/\/www.taylanazaksurucukursu.com.tr\/index.php\/wp-json\/wp\/v2\/comments?post=8549"}],"version-history":[{"count":0,"href":"http:\/\/www.taylanazaksurucukursu.com.tr\/index.php\/wp-json\/wp\/v2\/pages\/8549\/revisions"}],"wp:attachment":[{"href":"http:\/\/www.taylanazaksurucukursu.com.tr\/index.php\/wp-json\/wp\/v2\/media?parent=8549"}],"curies":[{"name":"wp","href":"https:\/\/api.w.org\/{rel}","templated":true}]}}